{"id":349,"date":"2016-03-03T01:36:58","date_gmt":"2016-03-03T01:36:58","guid":{"rendered":"https:\/\/demo.wpthemego.com\/themes\/sw_furnicom\/?page_id=349"},"modified":"2023-10-21T09:01:52","modified_gmt":"2023-10-21T09:01:52","slug":"ve-chung-toi","status":"publish","type":"page","link":"https:\/\/bepannam.com\/index.php\/ve-chung-toi\/","title":{"rendered":"V\u1ec1 Ch\u00fang T\u00f4i"},"content":{"rendered":"<p>Th\u00f4ng tin v\u1ec1 ch\u00fang t\u00f4i<\/p>\n","protected":false},"excerpt":{"rendered":"<p>Th\u00f4ng tin v\u1ec1 ch\u00fang t\u00f4i<\/p>\n","protected":false},"author":1,"featured_media":0,"parent":0,"menu_order":0,"comment_status":"closed","ping_status":"closed","template":"","meta":{"footnotes":""},"class_list":["post-349","page","type-page","status-publish","hentry"],"_links":{"self":[{"href":"https:\/\/bepannam.com\/index.php\/wp-json\/wp\/v2\/pages\/349","targetHints":{"allow":["GET"]}}],"collection":[{"href":"https:\/\/bepannam.com\/index.php\/wp-json\/wp\/v2\/pages"}],"about":[{"href":"https:\/\/bepannam.com\/index.php\/wp-json\/wp\/v2\/types\/page"}],"author":[{"embeddable":true,"href":"https:\/\/bepannam.com\/index.php\/wp-json\/wp\/v2\/users\/1"}],"replies":[{"embeddable":true,"href":"https:\/\/bepannam.com\/index.php\/wp-json\/wp\/v2\/comments?post=349"}],"version-history":[{"count":2,"href":"https:\/\/bepannam.com\/index.php\/wp-json\/wp\/v2\/pages\/349\/revisions"}],"predecessor-version":[{"id":1450,"href":"https:\/\/bepannam.com\/index.php\/wp-json\/wp\/v2\/pages\/349\/revisions\/1450"}],"wp:attachment":[{"href":"https:\/\/bepannam.com\/index.php\/wp-json\/wp\/v2\/media?parent=349"}],"curies":[{"name":"wp","href":"https:\/\/api.w.org\/{rel}","templated":true}]}}