{"id":1040,"date":"2017-03-30T02:16:49","date_gmt":"2017-03-30T02:16:49","guid":{"rendered":"https:\/\/demo.wpthemego.com\/themes\/sw_furnicom\/?page_id=1040"},"modified":"2024-01-31T06:11:29","modified_gmt":"2024-01-31T06:11:29","slug":"home-8","status":"publish","type":"page","link":"https:\/\/bepannam.com\/","title":{"rendered":"Home 8"},"content":{"rendered":"<section class=\"wpb-content-wrapper\"><p>[vc_row css=&#8221;.vc_custom_1490933476554{margin-bottom: 21px !important;}&#8221;][vc_column][vc_single_image image=&#8221;1539&#8243; img_size=&#8221;full&#8221; alignment=&#8221;center&#8221;][vc_empty_space][vc_empty_space][\/vc_column][\/vc_row][vc_row css=&#8221;.vc_custom_1490947085981{margin-bottom: 40px !important;}&#8221;][vc_column]<div id=\"category_slide_10469014491776352155\" class=\"responsive-slider sw-woo-container-slider loading\"  data-lg=\"5\" data-md=\"4\" data-sm=\"3\" data-xs=\"2\" data-mobile=\"1\" data-speed=\"1000\" data-scroll=\"1\" data-interval=\"5000\" data-autoplay=\"true\">\r\n\t\t<div class=\"box-slider-title\">\r\n\t\t<h2><span>DANH <\/span>M\u1ee4C N\u1ed4I B\u1eacT<\/h2>\t<\/div>\r\n\t\t<div class=\"resp-slider-container\">\r\n\t\t<div class=\"slider responsive\">\r\n\t\t\t\t\t<div class=\"item item-product-cat\">\t\t\r\n\t\t\t\t<div class=\"item-in\">\t\t\t\r\n\t\t\t\t\t<div class=\"item-image\">\r\n\t\t\t\t\t\t<a href=\"https:\/\/bepannam.com\/index.php\/product-category\/may-rua-bat\/\" title=\"M\u00e1y r\u1eeda b\u00e1t\"><img loading=\"lazy\" decoding=\"async\" width=\"2126\" height=\"2448\" src=\"https:\/\/bepannam.com\/wp-content\/uploads\/2023\/11\/SMV88TX02E.jpg\" class=\"attachment-full size-full\" alt=\"\" srcset=\"https:\/\/bepannam.com\/wp-content\/uploads\/2023\/11\/SMV88TX02E.jpg 2126w, https:\/\/bepannam.com\/wp-content\/uploads\/2023\/11\/SMV88TX02E-261x300.jpg 261w, https:\/\/bepannam.com\/wp-content\/uploads\/2023\/11\/SMV88TX02E-889x1024.jpg 889w, https:\/\/bepannam.com\/wp-content\/uploads\/2023\/11\/SMV88TX02E-768x884.jpg 768w, https:\/\/bepannam.com\/wp-content\/uploads\/2023\/11\/SMV88TX02E-1334x1536.jpg 1334w, https:\/\/bepannam.com\/wp-content\/uploads\/2023\/11\/SMV88TX02E-1779x2048.jpg 1779w, https:\/\/bepannam.com\/wp-content\/uploads\/2023\/11\/SMV88TX02E-600x691.jpg 600w\" sizes=\"auto, (max-width: 2126px) 100vw, 2126px\" \/><\/a>\r\n\t\t\t\t\t<\/div>\r\n\t\t\t\t\t<div class=\"item-content\">\r\n\t\t\t\t\t\t<h3><a href=\"https:\/\/bepannam.com\/index.php\/product-category\/may-rua-bat\/\">M\u00e1y r\u1eeda b\u00e1t<\/a><\/h3>\r\n\t\t\t\t\t<\/div>\r\n\t\t\t\t<\/div>\r\n\t\t\t<\/div>\r\n\t\t\t\t\t\t\t\t<div class=\"item item-product-cat\">\t\t\r\n\t\t\t\t<div class=\"item-in\">\t\t\t\r\n\t\t\t\t\t<div class=\"item-image\">\r\n\t\t\t\t\t\t<a href=\"https:\/\/bepannam.com\/index.php\/product-category\/bep-nau\/\" title=\"B\u1ebfp n\u1ea5u\"><img loading=\"lazy\" decoding=\"async\" width=\"1200\" height=\"900\" src=\"https:\/\/bepannam.com\/wp-content\/uploads\/2023\/11\/PP182560MS-SERI-8.jpg\" class=\"attachment-full size-full\" alt=\"\" srcset=\"https:\/\/bepannam.com\/wp-content\/uploads\/2023\/11\/PP182560MS-SERI-8.jpg 1200w, https:\/\/bepannam.com\/wp-content\/uploads\/2023\/11\/PP182560MS-SERI-8-300x225.jpg 300w, https:\/\/bepannam.com\/wp-content\/uploads\/2023\/11\/PP182560MS-SERI-8-1024x768.jpg 1024w, https:\/\/bepannam.com\/wp-content\/uploads\/2023\/11\/PP182560MS-SERI-8-768x576.jpg 768w, https:\/\/bepannam.com\/wp-content\/uploads\/2023\/11\/PP182560MS-SERI-8-600x450.jpg 600w\" sizes=\"auto, (max-width: 1200px) 100vw, 1200px\" \/><\/a>\r\n\t\t\t\t\t<\/div>\r\n\t\t\t\t\t<div class=\"item-content\">\r\n\t\t\t\t\t\t<h3><a href=\"https:\/\/bepannam.com\/index.php\/product-category\/bep-nau\/\">B\u1ebfp n\u1ea5u<\/a><\/h3>\r\n\t\t\t\t\t<\/div>\r\n\t\t\t\t<\/div>\r\n\t\t\t<\/div>\r\n\t\t\t\t\t\t\t\t<div class=\"item item-product-cat\">\t\t\r\n\t\t\t\t<div class=\"item-in\">\t\t\t\r\n\t\t\t\t\t<div class=\"item-image\">\r\n\t\t\t\t\t\t<a href=\"https:\/\/bepannam.com\/index.php\/product-category\/bo-noi\/\" title=\"B\u1ed9 n\u1ed3i b\u1ebfp t\u1eeb\"><img loading=\"lazy\" decoding=\"async\" width=\"1000\" height=\"1000\" src=\"https:\/\/bepannam.com\/wp-content\/uploads\/2023\/11\/anh-bo-noi-WMF-Fusiontec-Functional-Black-4-mon.jpg\" class=\"attachment-full size-full\" alt=\"\" srcset=\"https:\/\/bepannam.com\/wp-content\/uploads\/2023\/11\/anh-bo-noi-WMF-Fusiontec-Functional-Black-4-mon.jpg 1000w, https:\/\/bepannam.com\/wp-content\/uploads\/2023\/11\/anh-bo-noi-WMF-Fusiontec-Functional-Black-4-mon-300x300.jpg 300w, https:\/\/bepannam.com\/wp-content\/uploads\/2023\/11\/anh-bo-noi-WMF-Fusiontec-Functional-Black-4-mon-150x150.jpg 150w, https:\/\/bepannam.com\/wp-content\/uploads\/2023\/11\/anh-bo-noi-WMF-Fusiontec-Functional-Black-4-mon-768x768.jpg 768w, https:\/\/bepannam.com\/wp-content\/uploads\/2023\/11\/anh-bo-noi-WMF-Fusiontec-Functional-Black-4-mon-90x90.jpg 90w, https:\/\/bepannam.com\/wp-content\/uploads\/2023\/11\/anh-bo-noi-WMF-Fusiontec-Functional-Black-4-mon-400x400.jpg 400w, https:\/\/bepannam.com\/wp-content\/uploads\/2023\/11\/anh-bo-noi-WMF-Fusiontec-Functional-Black-4-mon-600x600.jpg 600w, https:\/\/bepannam.com\/wp-content\/uploads\/2023\/11\/anh-bo-noi-WMF-Fusiontec-Functional-Black-4-mon-100x100.jpg 100w\" sizes=\"auto, (max-width: 1000px) 100vw, 1000px\" \/><\/a>\r\n\t\t\t\t\t<\/div>\r\n\t\t\t\t\t<div class=\"item-content\">\r\n\t\t\t\t\t\t<h3><a href=\"https:\/\/bepannam.com\/index.php\/product-category\/bo-noi\/\">B\u1ed9 n\u1ed3i b\u1ebfp t\u1eeb<\/a><\/h3>\r\n\t\t\t\t\t<\/div>\r\n\t\t\t\t<\/div>\r\n\t\t\t<\/div>\r\n\t\t\t\t\t\t\t\t<div class=\"item item-product-cat\">\t\t\r\n\t\t\t\t<div class=\"item-in\">\t\t\t\r\n\t\t\t\t\t<div class=\"item-image\">\r\n\t\t\t\t\t\t<a href=\"https:\/\/bepannam.com\/index.php\/product-category\/chau-rua-bat\/\" title=\"Ch\u1eadu R\u1eeda B\u00e1t\"><img loading=\"lazy\" decoding=\"async\" width=\"800\" height=\"494\" src=\"https:\/\/bepannam.com\/wp-content\/uploads\/2023\/11\/8245ha.jpg\" class=\"attachment-full size-full\" alt=\"\" srcset=\"https:\/\/bepannam.com\/wp-content\/uploads\/2023\/11\/8245ha.jpg 800w, https:\/\/bepannam.com\/wp-content\/uploads\/2023\/11\/8245ha-300x185.jpg 300w, https:\/\/bepannam.com\/wp-content\/uploads\/2023\/11\/8245ha-768x474.jpg 768w, https:\/\/bepannam.com\/wp-content\/uploads\/2023\/11\/8245ha-600x371.jpg 600w\" sizes=\"auto, (max-width: 800px) 100vw, 800px\" \/><\/a>\r\n\t\t\t\t\t<\/div>\r\n\t\t\t\t\t<div class=\"item-content\">\r\n\t\t\t\t\t\t<h3><a href=\"https:\/\/bepannam.com\/index.php\/product-category\/chau-rua-bat\/\">Ch\u1eadu R\u1eeda B\u00e1t<\/a><\/h3>\r\n\t\t\t\t\t<\/div>\r\n\t\t\t\t<\/div>\r\n\t\t\t<\/div>\r\n\t\t\t\t\t\t\t\t<div class=\"item item-product-cat\">\t\t\r\n\t\t\t\t<div class=\"item-in\">\t\t\t\r\n\t\t\t\t\t<div class=\"item-image\">\r\n\t\t\t\t\t\t<a href=\"https:\/\/bepannam.com\/index.php\/product-category\/lo-nuong-lo-vi-song\/\" title=\"L\u00f2 N\u01b0\u1edbng - L\u00f2 Vi S\u00f3ng\"><img loading=\"lazy\" decoding=\"async\" width=\"2560\" height=\"2516\" src=\"https:\/\/bepannam.com\/wp-content\/uploads\/2023\/11\/lo-nuong-bosch-hng6764s1a-scaled.jpg\" class=\"attachment-full size-full\" alt=\"\" srcset=\"https:\/\/bepannam.com\/wp-content\/uploads\/2023\/11\/lo-nuong-bosch-hng6764s1a-scaled.jpg 2560w, https:\/\/bepannam.com\/wp-content\/uploads\/2023\/11\/lo-nuong-bosch-hng6764s1a-300x295.jpg 300w, https:\/\/bepannam.com\/wp-content\/uploads\/2023\/11\/lo-nuong-bosch-hng6764s1a-1024x1006.jpg 1024w, https:\/\/bepannam.com\/wp-content\/uploads\/2023\/11\/lo-nuong-bosch-hng6764s1a-768x755.jpg 768w, https:\/\/bepannam.com\/wp-content\/uploads\/2023\/11\/lo-nuong-bosch-hng6764s1a-1536x1509.jpg 1536w, https:\/\/bepannam.com\/wp-content\/uploads\/2023\/11\/lo-nuong-bosch-hng6764s1a-2048x2013.jpg 2048w, https:\/\/bepannam.com\/wp-content\/uploads\/2023\/11\/lo-nuong-bosch-hng6764s1a-600x590.jpg 600w\" sizes=\"auto, (max-width: 2560px) 100vw, 2560px\" \/><\/a>\r\n\t\t\t\t\t<\/div>\r\n\t\t\t\t\t<div class=\"item-content\">\r\n\t\t\t\t\t\t<h3><a href=\"https:\/\/bepannam.com\/index.php\/product-category\/lo-nuong-lo-vi-song\/\">L\u00f2 N\u01b0\u1edbng - L\u00f2 Vi S\u00f3ng<\/a><\/h3>\r\n\t\t\t\t\t<\/div>\r\n\t\t\t\t<\/div>\r\n\t\t\t<\/div>\r\n\t\t\t\t\t\t\t\t<div class=\"item item-product-cat\">\t\t\r\n\t\t\t\t<div class=\"item-in\">\t\t\t\r\n\t\t\t\t\t<div class=\"item-image\">\r\n\t\t\t\t\t\t<a href=\"https:\/\/bepannam.com\/index.php\/product-category\/may-hut-mui\/\" title=\"M\u00e1y H\u00fat M\u00f9i\"><img loading=\"lazy\" decoding=\"async\" width=\"600\" height=\"600\" src=\"https:\/\/bepannam.com\/wp-content\/uploads\/2023\/11\/quatrolux-70efm-1662287545.jpg\" class=\"attachment-full size-full\" alt=\"\" srcset=\"https:\/\/bepannam.com\/wp-content\/uploads\/2023\/11\/quatrolux-70efm-1662287545.jpg 600w, https:\/\/bepannam.com\/wp-content\/uploads\/2023\/11\/quatrolux-70efm-1662287545-300x300.jpg 300w, https:\/\/bepannam.com\/wp-content\/uploads\/2023\/11\/quatrolux-70efm-1662287545-150x150.jpg 150w, https:\/\/bepannam.com\/wp-content\/uploads\/2023\/11\/quatrolux-70efm-1662287545-90x90.jpg 90w, https:\/\/bepannam.com\/wp-content\/uploads\/2023\/11\/quatrolux-70efm-1662287545-400x400.jpg 400w, https:\/\/bepannam.com\/wp-content\/uploads\/2023\/11\/quatrolux-70efm-1662287545-100x100.jpg 100w\" sizes=\"auto, (max-width: 600px) 100vw, 600px\" \/><\/a>\r\n\t\t\t\t\t<\/div>\r\n\t\t\t\t\t<div class=\"item-content\">\r\n\t\t\t\t\t\t<h3><a href=\"https:\/\/bepannam.com\/index.php\/product-category\/may-hut-mui\/\">M\u00e1y H\u00fat M\u00f9i<\/a><\/h3>\r\n\t\t\t\t\t<\/div>\r\n\t\t\t\t<\/div>\r\n\t\t\t<\/div>\r\n\t\t\t\t\t\t\t\t<div class=\"item item-product-cat\">\t\t\r\n\t\t\t\t<div class=\"item-in\">\t\t\t\r\n\t\t\t\t\t<div class=\"item-image\">\r\n\t\t\t\t\t\t<a href=\"https:\/\/bepannam.com\/index.php\/product-category\/phu-kien-tu-bep\/\" title=\"Ph\u1ee5 Ki\u1ec7n inox\"><img loading=\"lazy\" decoding=\"async\" width=\"700\" height=\"700\" src=\"https:\/\/bepannam.com\/wp-content\/uploads\/2023\/11\/GL06C1-1.jpg\" class=\"attachment-full size-full\" alt=\"\" srcset=\"https:\/\/bepannam.com\/wp-content\/uploads\/2023\/11\/GL06C1-1.jpg 700w, https:\/\/bepannam.com\/wp-content\/uploads\/2023\/11\/GL06C1-1-300x300.jpg 300w, https:\/\/bepannam.com\/wp-content\/uploads\/2023\/11\/GL06C1-1-150x150.jpg 150w, https:\/\/bepannam.com\/wp-content\/uploads\/2023\/11\/GL06C1-1-90x90.jpg 90w, https:\/\/bepannam.com\/wp-content\/uploads\/2023\/11\/GL06C1-1-400x400.jpg 400w, https:\/\/bepannam.com\/wp-content\/uploads\/2023\/11\/GL06C1-1-600x600.jpg 600w, https:\/\/bepannam.com\/wp-content\/uploads\/2023\/11\/GL06C1-1-100x100.jpg 100w\" sizes=\"auto, (max-width: 700px) 100vw, 700px\" \/><\/a>\r\n\t\t\t\t\t<\/div>\r\n\t\t\t\t\t<div class=\"item-content\">\r\n\t\t\t\t\t\t<h3><a href=\"https:\/\/bepannam.com\/index.php\/product-category\/phu-kien-tu-bep\/\">Ph\u1ee5 Ki\u1ec7n inox<\/a><\/h3>\r\n\t\t\t\t\t<\/div>\r\n\t\t\t\t<\/div>\r\n\t\t\t<\/div>\r\n\t\t\t\t\t\t\t<\/div>\r\n\t<\/div>\r\n<\/div>\t\t\r\n\t\t[\/vc_column][\/vc_row][vc_row el_class=&#8221;smart-object&#8221; css=&#8221;.vc_custom_1490951244409{margin-right: 0px !important;margin-bottom: 40px !important;margin-left: 0px !important;}&#8221;][vc_column width=&#8221;1\/3&#8243; el_class=&#8221;object1&#8243; css=&#8221;.vc_custom_1490947844066{padding-right: 0px !important;padding-left: 0px !important;}&#8221;][vc_column_text]<img loading=\"lazy\" decoding=\"async\" class=\"alignnone size-full wp-image-119\" src=\"https:\/\/bepannam.com\/wp-content\/uploads\/2016\/02\/Smart-Object.png\" alt=\"Smart-Object\" width=\"103\" height=\"102\" srcset=\"https:\/\/bepannam.com\/wp-content\/uploads\/2016\/02\/Smart-Object.png 103w, https:\/\/bepannam.com\/wp-content\/uploads\/2016\/02\/Smart-Object-100x100.png 100w, https:\/\/bepannam.com\/wp-content\/uploads\/2016\/02\/Smart-Object-90x90.png 90w\" sizes=\"auto, (max-width: 103px) 100vw, 103px\" \/><\/p>\n<h3>FREE SHIPPING<\/h3>\n<p>&nbsp;[\/vc_column_text][\/vc_column][vc_column width=&#8221;1\/3&#8243; el_class=&#8221;object2&#8243; css=&#8221;.vc_custom_1490947855000{padding-right: 0px !important;padding-left: 0px !important;}&#8221;][vc_column_text]<img loading=\"lazy\" decoding=\"async\" class=\"alignnone size-full wp-image-120\" src=\"https:\/\/bepannam.com\/wp-content\/uploads\/2016\/02\/Smart-Object1.png\" alt=\"Smart-Object1\" width=\"103\" height=\"102\" srcset=\"https:\/\/bepannam.com\/wp-content\/uploads\/2016\/02\/Smart-Object1.png 103w, https:\/\/bepannam.com\/wp-content\/uploads\/2016\/02\/Smart-Object1-100x100.png 100w, https:\/\/bepannam.com\/wp-content\/uploads\/2016\/02\/Smart-Object1-90x90.png 90w\" sizes=\"auto, (max-width: 103px) 100vw, 103px\" \/><\/p>\n<h3>MONEY BACK GUARANTEE<\/h3>\n<p>[\/vc_column_text][\/vc_column][vc_column width=&#8221;1\/3&#8243; el_class=&#8221;object1&#8243; css=&#8221;.vc_custom_1490947866615{padding-right: 0px !important;padding-left: 0px !important;}&#8221;][vc_column_text]<img loading=\"lazy\" decoding=\"async\" class=\"alignnone size-full wp-image-121\" src=\"https:\/\/bepannam.com\/wp-content\/uploads\/2016\/02\/Smart-Object2.png\" alt=\"Smart-Object2\" width=\"103\" height=\"102\" srcset=\"https:\/\/bepannam.com\/wp-content\/uploads\/2016\/02\/Smart-Object2.png 103w, https:\/\/bepannam.com\/wp-content\/uploads\/2016\/02\/Smart-Object2-100x100.png 100w, https:\/\/bepannam.com\/wp-content\/uploads\/2016\/02\/Smart-Object2-90x90.png 90w\" sizes=\"auto, (max-width: 103px) 100vw, 103px\" \/><\/p>\n<h3>24 HOURS SUPPORT<\/h3>\n<p>[\/vc_column_text][\/vc_column][\/vc_row][vc_row css=&#8221;.vc_custom_1491013264622{margin-bottom: 40px !important;}&#8221;][vc_column][\/vc_column][\/vc_row][vc_row css=&#8221;.vc_custom_1491812090800{margin-bottom: 40px !important;}&#8221; el_class=&#8221;bg-testimonial&#8221;][vc_column][testimonial_slide type=&#8221;style2&#8243; numberposts=&#8221;2&#8243; length=&#8221;20&#8243;][\/vc_column][\/vc_row][vc_row css=&#8221;.vc_custom_1491014111037{margin-bottom: 40px !important;}&#8221;][vc_column][\/vc_column][\/vc_row][vc_row][vc_column][vc_text_separator title=&#8221;\u0110\u1ed1i T\u00e1c&#8221; i_icon_fontawesome=&#8221;fas fa-copyright&#8221; i_background_style=&#8221;rounded&#8221; style=&#8221;dotted&#8221; border_width=&#8221;2&#8243; css_animation=&#8221;flipInX&#8221; add_icon=&#8221;true&#8221;][\/vc_column][\/vc_row][vc_row css=&#8221;.vc_custom_1491015774250{margin-right: 0px !important;margin-bottom: 38px !important;margin-left: 0px !important;}&#8221;][vc_column width=&#8221;1\/3&#8243; css=&#8221;.vc_custom_1491014651920{padding-right: 0px !important;padding-left: 0px !important;}&#8221;][vc_single_image image=&#8221;1495&#8243; img_size=&#8221;390&#215;270&#8243; alignment=&#8221;center&#8221; onclick=&#8221;custom_link&#8221; link=&#8221;#&#8221;][\/vc_column][vc_column width=&#8221;1\/3&#8243; css=&#8221;.vc_custom_1491014666247{padding-right: 0px !important;padding-left: 0px !important;}&#8221;][vc_gallery type=&#8221;image_grid&#8221; images=&#8221;1494&#8243; img_size=&#8221;full&#8221;][\/vc_column][vc_column width=&#8221;1\/3&#8243; css=&#8221;.vc_custom_1491014679365{padding-right: 0px !important;padding-left: 0px !important;}&#8221;][vc_single_image image=&#8221;1493&#8243; img_size=&#8221;&#8221; alignment=&#8221;center&#8221; onclick=&#8221;custom_link&#8221; link=&#8221;#&#8221;][\/vc_column][\/vc_row]<\/p>\n<\/section>","protected":false},"excerpt":{"rendered":"<p>[vc_row css=&#8221;.vc_custom_1490933476554{margin-bottom: 21px !important;}&#8221;][vc_column][vc_single_image image=&#8221;1539&#8243; img_size=&#8221;full&#8221; alignment=&#8221;center&#8221;][vc_empty_space][vc_empty_space][\/vc_column][\/vc_row][vc_row css=&#8221;.vc_custom_1490947085981{margin-bottom: 40px !important;}&#8221;][vc_column][\/vc_column][\/vc_row][vc_row el_class=&#8221;smart-object&#8221; css=&#8221;.vc_custom_1490951244409{margin-right: 0px !important;margin-bottom: 40px !important;margin-left: 0px !important;}&#8221;][vc_column width=&#8221;1\/3&#8243; el_class=&#8221;object1&#8243; css=&#8221;.vc_custom_1490947844066{padding-right: 0px !important;padding-left: 0px !important;}&#8221;][vc_column_text] FREE SHIPPING &nbsp;[\/vc_column_text][\/vc_column][vc_column width=&#8221;1\/3&#8243; el_class=&#8221;object2&#8243; css=&#8221;.vc_custom_1490947855000{padding-right: 0px !important;padding-left: 0px !important;}&#8221;][vc_column_text] MONEY BACK GUARANTEE [\/vc_column_text][\/vc_column][vc_column width=&#8221;1\/3&#8243; el_class=&#8221;object1&#8243; css=&#8221;.vc_custom_1490947866615{padding-right: 0px !important;padding-left: 0px !important;}&#8221;][vc_column_text] 24 HOURS SUPPORT [\/vc_column_text][\/vc_column][\/vc_row][vc_row css=&#8221;.vc_custom_1491013264622{margin-bottom: 40px !important;}&#8221;][vc_column][\/vc_column][\/vc_row][vc_row css=&#8221;.vc_custom_1491812090800{margin-bottom: 40px &hellip; <a href=\"https:\/\/bepannam.com\/\">Readmore<\/a><\/p>\n","protected":false},"author":1,"featured_media":0,"parent":0,"menu_order":0,"comment_status":"closed","ping_status":"closed","template":"page-home8.php","meta":{"footnotes":""},"class_list":["post-1040","page","type-page","status-publish","hentry"],"_links":{"self":[{"href":"https:\/\/bepannam.com\/index.php\/wp-json\/wp\/v2\/pages\/1040","targetHints":{"allow":["GET"]}}],"collection":[{"href":"https:\/\/bepannam.com\/index.php\/wp-json\/wp\/v2\/pages"}],"about":[{"href":"https:\/\/bepannam.com\/index.php\/wp-json\/wp\/v2\/types\/page"}],"author":[{"embeddable":true,"href":"https:\/\/bepannam.com\/index.php\/wp-json\/wp\/v2\/users\/1"}],"replies":[{"embeddable":true,"href":"https:\/\/bepannam.com\/index.php\/wp-json\/wp\/v2\/comments?post=1040"}],"version-history":[{"count":16,"href":"https:\/\/bepannam.com\/index.php\/wp-json\/wp\/v2\/pages\/1040\/revisions"}],"predecessor-version":[{"id":1541,"href":"https:\/\/bepannam.com\/index.php\/wp-json\/wp\/v2\/pages\/1040\/revisions\/1541"}],"wp:attachment":[{"href":"https:\/\/bepannam.com\/index.php\/wp-json\/wp\/v2\/media?parent=1040"}],"curies":[{"name":"wp","href":"https:\/\/api.w.org\/{rel}","templated":true}]}}